{"id":16,"date":"2020-02-18T04:05:58","date_gmt":"2020-02-18T09:05:58","guid":{"rendered":"https:\/\/quantum-computing.lehigh.edu\/?page_id=16"},"modified":"2025-12-22T01:18:44","modified_gmt":"2025-12-22T06:18:44","slug":"faculty","status":"publish","type":"page","link":"https:\/\/quantum-computing.lehigh.edu\/index.php\/faculty\/","title":{"rendered":"People"},"content":{"rendered":"\n<div class=\"wp-block-media-text alignwide\" style=\"grid-template-columns:26% auto\"><figure class=\"wp-block-media-text__media\"><img loading=\"lazy\" decoding=\"async\" width=\"327\" height=\"450\" src=\"https:\/\/quantum-computing.lehigh.edu\/wp-content\/uploads\/2020\/02\/terlaky.jpg\" alt=\"\" class=\"wp-image-17 size-full\" srcset=\"https:\/\/quantum-computing.lehigh.edu\/wp-content\/uploads\/2020\/02\/terlaky.jpg 327w, https:\/\/quantum-computing.lehigh.edu\/wp-content\/uploads\/2020\/02\/terlaky-218x300.jpg 218w\" sizes=\"auto, (max-width: 327px) 100vw, 327px\" \/><\/figure><div class=\"wp-block-media-text__content\">\n<h2 class=\"wp-block-heading has-primary-color has-text-color\">Tam\u00e1s Terlaky<\/h2>\n\n\n\n<p class=\"has-normal-font-size\">Tam\u00e1s Terlaky is the&nbsp;George N. and Soteria Kledaras \u201987 Endowed Chair Professor, Industrial, and Systems Engineering Department, Lehigh University.<\/p>\n\n\n\n<p class=\"has-normal-font-size\">Terlaky brings to the team his fundamental expertise in interior-point methods, perceptron-like, and high-performance computational optimization algorithms. Terlaky is co-author of seminal work in copositive optimization, where conic optimization, techniques beyond semidefinite optimization are used to address difficult combinatorial problems. <\/p>\n\n\n\n<p class=\"has-normal-font-size\">Terlaky\u2019s expertise&nbsp;is crucial for the group\u2019s research objectives regarding the development of new hybrid Quantum Computing-Optimization algorithms, the study of numerical complexity in Quantum Computing, and the use of Conic Optimization in Quantum Information theory. Currently, Terlakys\u2019s research is looking at developing and studying the complexity of Quantum Interior Point Methods.<\/p>\n\n\n\n<p><strong>Email:<\/strong>&nbsp;<a href=\"mailto:tat208@lehigh.edu\">tat208@lehigh.edu<\/a><\/p>\n\n\n\n<p><strong>Phone Number:<\/strong>&nbsp;(610) 758-2903<\/p>\n\n\n\n<p class=\"has-normal-font-size\"><strong>Online:<\/strong>  <a rel=\"noreferrer noopener\" href=\"https:\/\/quantum-computing.lehigh.edu\/terlaky\" target=\"_blank\">https:\/\/cor<\/a><a href=\"https:\/\/quantum-computing.lehigh.edu\/terlaky\">al.ise.lehigh.edu\/terlaky <\/a><\/p>\n\n\n\n<p><\/p>\n<\/div><\/div>\n\n\n\n<div class=\"wp-block-media-text alignwide\" style=\"grid-template-columns:26% auto\"><figure class=\"wp-block-media-text__media\"><img loading=\"lazy\" decoding=\"async\" width=\"327\" height=\"450\" src=\"https:\/\/quantum-computing.lehigh.edu\/wp-content\/uploads\/2020\/02\/zuluaga_0.jpg\" alt=\"\" class=\"wp-image-18 size-full\" srcset=\"https:\/\/quantum-computing.lehigh.edu\/wp-content\/uploads\/2020\/02\/zuluaga_0.jpg 327w, https:\/\/quantum-computing.lehigh.edu\/wp-content\/uploads\/2020\/02\/zuluaga_0-218x300.jpg 218w\" sizes=\"auto, (max-width: 327px) 100vw, 327px\" \/><\/figure><div class=\"wp-block-media-text__content\">\n<h2 class=\"wp-block-heading has-primary-color has-text-color\">Luis Zuluaga<\/h2>\n\n\n\n<p>Luis F. Zuluaga is Associate Professor, Industrial and Systems Engineering, Lehigh University <\/p>\n\n\n\n<p>Zuluaga brings to the team his fundamental expertise in general Conic Optimization, particularly in copositive and polynomial optimization. These techniques are crucial to enlarge the class of problems that can be addressed with Quantum Interior Point Methods. Zuluaga also brings knowledge of quantum mechanics and different decomposition techniques. <\/p>\n\n\n\n<p>Zuluaga\u2019s expertise in these areas is crucial for the group\u2019s research objectives regarding the development of new hybrid Quantum Computing-Optimization algorithms, the use of Conic Optimization in Quantum Information theory, and the use of Quantum Computing Algorithms for general Optimization problems. Currently, Zuluaga\u2019s research is looking at obtaining new and improved QUBO reformulations for certain classes of Combinatorial Optimization Problems.<\/p>\n\n\n\n<p><strong>Email:<\/strong>&nbsp;<a href=\"mailto:tat208@lehigh.edu\">luz212@lehigh.edu<\/a> <\/p>\n\n\n\n<p><strong>Phone Number:<\/strong>&nbsp;(610) 758-4034<\/p>\n\n\n\n<p class=\"has-normal-font-size\"><strong>Online:<\/strong>  <a rel=\"noreferrer noopener\" href=\"https:\/\/quantum-computing.lehigh.edu\/luiszuluaga\" target=\"_blank\">https:\/\/cor<\/a><a href=\"https:\/\/quantum-computing.lehigh.edu\/luiszuluaga\">al.ise.lehigh.edu\/luiszuluaga <\/a><\/p>\n\n\n\n<p><\/p>\n<\/div><\/div>\n\n\n\n<div class=\"wp-block-media-text alignwide\" style=\"grid-template-columns:27% auto\"><figure class=\"wp-block-media-text__media\"><img loading=\"lazy\" decoding=\"async\" width=\"327\" height=\"450\" src=\"https:\/\/quantum-computing.lehigh.edu\/wp-content\/uploads\/2020\/02\/Xiu-Yang_0.jpg\" alt=\"\" class=\"wp-image-23 size-full\" srcset=\"https:\/\/quantum-computing.lehigh.edu\/wp-content\/uploads\/2020\/02\/Xiu-Yang_0.jpg 327w, https:\/\/quantum-computing.lehigh.edu\/wp-content\/uploads\/2020\/02\/Xiu-Yang_0-218x300.jpg 218w\" sizes=\"auto, (max-width: 327px) 100vw, 327px\" \/><\/figure><div class=\"wp-block-media-text__content\">\n<h2 class=\"wp-block-heading has-primary-color has-text-color\">Xiu Yang<\/h2>\n\n\n\n<p>Xiu Yang is&nbsp;an Assistant Professor, Industrial and Systems Engineering Department, Lehigh University <\/p>\n\n\n\n<p>Yang brings to the team his fundamental knowledge of computational quantum chemistry, computational mathematics, stochastic processes, uncertainty quantification, and many-particle systems. Furthermore, Yang is an expert in using high-performance computing resources. <\/p>\n\n\n\n<p>Yang\u2019s&nbsp;expertise in these areas is crucial for the group\u2019s research objectives regarding the development of new hybrid Quantum Computing-Optimization algorithms, the use of Conic Optimization in Quantum Information theory, and the use of Quantum Computing Algorithms for general Optimization problems. Currently, Yang\u2019s research is looking at studying the best ways to estimate and filter noise in Noisy Intermediate Size Quantum (NISQ) Devices.<\/p>\n\n\n\n<p><strong>Email:<\/strong>&nbsp;<a href=\"mailto:tat208@lehigh.edu\">xiy518@lehigh.edu<\/a> <\/p>\n\n\n\n<p><strong>Phone Number:<\/strong>&nbsp;(610)758-6816<\/p>\n\n\n\n<p><strong>Online:<\/strong>  <a href=\"https:\/\/wordpress.lehigh.edu\/xiy518\/\">https:\/\/wordpress.lehigh.edu\/xiy518\/<\/a> <\/p>\n\n\n\n<p><\/p>\n<\/div><\/div>\n\n\n\n<div class=\"wp-block-media-text alignwide\" style=\"grid-template-columns:27% auto\"><figure class=\"wp-block-media-text__media\"><img loading=\"lazy\" decoding=\"async\" width=\"945\" height=\"1024\" src=\"https:\/\/quantum-computing.lehigh.edu\/wp-content\/uploads\/2022\/04\/CarrHeadshot-945x1024.jpg\" alt=\"\" class=\"wp-image-324 size-full\" srcset=\"https:\/\/quantum-computing.lehigh.edu\/wp-content\/uploads\/2022\/04\/CarrHeadshot-945x1024.jpg 945w, https:\/\/quantum-computing.lehigh.edu\/wp-content\/uploads\/2022\/04\/CarrHeadshot-277x300.jpg 277w, https:\/\/quantum-computing.lehigh.edu\/wp-content\/uploads\/2022\/04\/CarrHeadshot-768x833.jpg 768w, https:\/\/quantum-computing.lehigh.edu\/wp-content\/uploads\/2022\/04\/CarrHeadshot-1417x1536.jpg 1417w, https:\/\/quantum-computing.lehigh.edu\/wp-content\/uploads\/2022\/04\/CarrHeadshot-1600x1734.jpg 1600w, https:\/\/quantum-computing.lehigh.edu\/wp-content\/uploads\/2022\/04\/CarrHeadshot.jpg 1786w\" sizes=\"auto, (max-width: 945px) 100vw, 945px\" \/><\/figure><div class=\"wp-block-media-text__content\">\n<h2 class=\"wp-block-heading has-primary-color has-text-color\">Arielle Carr<\/h2>\n\n\n\n<p>Arielle Carr is an assistant professor in the Department of Mathematics, Lafayette University<\/p>\n\n\n\n<p>Carr brings to the team a strong background in applied linear algebra and numerical analysis. Her main area of expertise lies at the intersection of iterative methods, Krylov subspace methods, and preconditioning techniques.<\/p>\n\n\n\n<p>Carr\u2019s expertise is crucial for the group\u2019s research objectives regarding the development of new hybrid Quantum Computing-Optimization algorithms, the study of numerical complexity in Quantum Computing, and the use of Quantum Linear Algebra techniques to create new and improve upon existing, optimization methods. Her recent work has focused on recycling strategies for and parallel implementations of Krylov methods and preconditioners to approximately solve very large-scale linear systems and eigenproblems, including mitigation strategies for ill-conditioned Quantum Linear Systems arising in the Quantum Interior Point method.<\/p>\n\n\n\n<p><strong>Email:<\/strong>&nbsp;<a href=\"mailto:tat208@lehigh.edu\"><\/a><a href=\"mailto:carra@lafayette.edu\">carra@lafayette.edu<\/a><\/p>\n\n\n\n<p><strong>Phone Number:<\/strong>&nbsp;(610)-330-5272<\/p>\n\n\n\n<p><strong>Online:<\/strong> <a href=\"https:\/\/math.lafayette.edu\/people\/arielle-k-carr\/\">https:\/\/math.lafayette.edu\/people\/arielle-k-carr\/<\/a><\/p>\n\n\n\n<p><\/p>\n<\/div><\/div>\n\n\n\n<div class=\"wp-block-media-text alignwide\" style=\"grid-template-columns:28% auto\"><figure class=\"wp-block-media-text__media\"><img loading=\"lazy\" decoding=\"async\" width=\"593\" height=\"597\" src=\"https:\/\/quantum-computing.lehigh.edu\/wp-content\/uploads\/2020\/02\/giacomo.png\" alt=\"\" class=\"wp-image-37 size-full\" srcset=\"https:\/\/quantum-computing.lehigh.edu\/wp-content\/uploads\/2020\/02\/giacomo.png 593w, https:\/\/quantum-computing.lehigh.edu\/wp-content\/uploads\/2020\/02\/giacomo-298x300.png 298w, https:\/\/quantum-computing.lehigh.edu\/wp-content\/uploads\/2020\/02\/giacomo-150x150.png 150w\" sizes=\"auto, (max-width: 593px) 100vw, 593px\" \/><\/figure><div class=\"wp-block-media-text__content\">\n<h2 class=\"wp-block-heading has-primary-color has-text-color\">Giacomo Nannicini<\/h2>\n\n\n\n<p>Giacomo&nbsp;Nannicini is an Associate Professor in the Daniel J. Epstein Department of Industrial &amp; Systems Engineering.<\/p>\n\n\n\n<p>Nannicini brings to the team his knowledge of quantum computing (QC) algorithms, complexity, and optimization. This expertise is crucial to support the work in all the proposal objectives. <\/p>\n\n\n\n<p>His involvement in the world-wide recognized IBM\u2019s QC research group will give the team first-hand access to IBM\u2019s latest QC research and knowledge of the software stack<\/p>\n\n\n\n<p><strong>Email:<\/strong> <a href=\"mailto:g.nannicini@usc.edu\">g.nannicini@usc.edu<\/a><\/p>\n\n\n\n<p><strong>Online: <\/strong><a href=\"https:\/\/sites.usc.edu\/nannicini\/\">https:\/\/sites.usc.edu\/nannicini\/<\/a><\/p>\n\n\n\n<p><\/p>\n<\/div><\/div>\n\n\n\n<div class=\"wp-block-media-text alignwide\" style=\"grid-template-columns:27% auto\"><figure class=\"wp-block-media-text__media\"><img loading=\"lazy\" decoding=\"async\" width=\"468\" height=\"547\" src=\"https:\/\/quantum-computing.lehigh.edu\/wp-content\/uploads\/2020\/02\/alain.png\" alt=\"\" class=\"wp-image-36 size-full\" srcset=\"https:\/\/quantum-computing.lehigh.edu\/wp-content\/uploads\/2020\/02\/alain.png 468w, https:\/\/quantum-computing.lehigh.edu\/wp-content\/uploads\/2020\/02\/alain-257x300.png 257w\" sizes=\"auto, (max-width: 468px) 100vw, 468px\" \/><\/figure><div class=\"wp-block-media-text__content\">\n<h2 class=\"wp-block-heading has-primary-color has-text-color\">Alain Sarlette<\/h2>\n\n\n\n<p>Alain&nbsp;Sarlette is a Senior&nbsp;Researcher at QUANTIC lab (<a href=\"https:\/\/team.inria.fr\/quantic\/index.html\">https:\/\/team.inria.fr\/quantic\/index.html<\/a>), INRIA, Paris, and an associate professor at Ghent University, Belgium.&nbsp;<\/p>\n\n\n\n<p>Sarlette brings to the team his expertise in quantum information (QI), quantum dynamics of typical physical systems, and applied mathematics (dynamical systems and signals, feedback and control theory).<\/p>\n\n\n\n<p><strong>Email:<\/strong>&nbsp;<a href=\"mailto:alain.sarlette@inria.fr\">alain.sarlette@inria.fr<\/a><\/p>\n\n\n\n<p><strong>Online:<\/strong> <a href=\"https:\/\/users.ugent.be\/~asarlet\/\">https:\/\/users.ugent.be\/~asarlet\/ <\/a><\/p>\n\n\n\n<p><\/p>\n<\/div><\/div>\n\n\n\n<div class=\"wp-block-media-text alignwide\" style=\"grid-template-columns:28% auto\"><figure class=\"wp-block-media-text__media\"><img loading=\"lazy\" decoding=\"async\" width=\"468\" height=\"595\" src=\"https:\/\/quantum-computing.lehigh.edu\/wp-content\/uploads\/2020\/02\/sefan-1.png\" alt=\"\" class=\"wp-image-39 size-full\" srcset=\"https:\/\/quantum-computing.lehigh.edu\/wp-content\/uploads\/2020\/02\/sefan-1.png 468w, https:\/\/quantum-computing.lehigh.edu\/wp-content\/uploads\/2020\/02\/sefan-1-236x300.png 236w\" sizes=\"auto, (max-width: 468px) 100vw, 468px\" \/><\/figure><div class=\"wp-block-media-text__content\">\n<h2 class=\"wp-block-heading has-primary-color has-text-color\">Stefan Wild<\/h2>\n\n\n\n<p>Stefan&nbsp;Wild is the&nbsp;Deputy Director of the Mathematics and Computer Science Division, Argonne National Laboratory (<a href=\"https:\/\/www.anl.gov\/\">https:\/\/www.anl.gov\/<\/a>) and Senior Fellow at Northwestern University (<a href=\"https:\/\/www.northwestern.edu\/\">https:\/\/www.northwestern.edu\/<\/a>). <\/p>\n\n\n\n<p>Wild brings to the team his fundamental knowledge in computational mathematics and optimization under uncertainty. Wild is directing and performing research in quantum chemistry and Quantum Information. <\/p>\n\n\n\n<p>His expertise is crucial to support the work in all the proposal objectives. Moreover, his involvement with Argonne will give the team first-hand access to Argonne\u2019s computing resources and their research results on Quantum Computing.&nbsp;<\/p>\n\n\n\n<p><strong>Email: <\/strong><a href=\"mailto:wild@anl.gov\">wild@anl.gov<\/a><\/p>\n\n\n\n<p><strong>Online:<\/strong>  <a href=\"https:\/\/www.anl.gov\/profile\/stefan-m-wild\">https:\/\/www.anl.gov\/profile\/stefan-m-wild<\/a> <\/p>\n<\/div><\/div>\n\n\n\n<div class=\"wp-block-media-text alignwide\" style=\"grid-template-columns:28% auto\"><figure class=\"wp-block-media-text__media\"><img loading=\"lazy\" decoding=\"async\" width=\"1022\" height=\"1024\" src=\"https:\/\/quantum-computing.lehigh.edu\/wp-content\/uploads\/2021\/07\/Hicks_cropped-1022x1024-1.jpg\" alt=\"\" class=\"wp-image-202 size-full\" srcset=\"https:\/\/quantum-computing.lehigh.edu\/wp-content\/uploads\/2021\/07\/Hicks_cropped-1022x1024-1.jpg 1022w, https:\/\/quantum-computing.lehigh.edu\/wp-content\/uploads\/2021\/07\/Hicks_cropped-1022x1024-1-300x300.jpg 300w, https:\/\/quantum-computing.lehigh.edu\/wp-content\/uploads\/2021\/07\/Hicks_cropped-1022x1024-1-150x150.jpg 150w, https:\/\/quantum-computing.lehigh.edu\/wp-content\/uploads\/2021\/07\/Hicks_cropped-1022x1024-1-768x770.jpg 768w\" sizes=\"auto, (max-width: 1022px) 100vw, 1022px\" \/><\/figure><div class=\"wp-block-media-text__content\">\n<h2 class=\"wp-block-heading has-primary-color has-text-color\">Illya V. Hicks<\/h2>\n\n\n\n<p>Illya V. Hicks is Professor of Computational and Applied Mathematics,&nbsp;<a href=\"https:\/\/scholar.google.com\/citations?view_op=view_org&amp;hl=en&amp;org=11940724553757128128\">Rice University<\/a>.<\/p>\n\n\n\n<p>Academic co-author collaboration in Combinatorial Optimization<\/p>\n\n\n\n<p><strong>Email: <\/strong><a href=\"mailto:ivhicks@rice.edu\">ivhicks@rice.edu<\/a><\/p>\n\n\n\n<p><strong>Online:<\/strong>  <a href=\"https:\/\/www.caam.rice.edu\/~ivhicks\/Site\/professional.html\" data-type=\"URL\" data-id=\"https:\/\/www.caam.rice.edu\/~ivhicks\/Site\/professional.html\">https:\/\/www.caam.rice.edu\/~ivhicks\/Site\/professional.html<\/a> <\/p>\n<\/div><\/div>\n\n\n\n<p><\/p>\n\n\n\n<div class=\"wp-block-media-text alignwide\" style=\"grid-template-columns:28% auto\"><figure class=\"wp-block-media-text__media\"><img loading=\"lazy\" decoding=\"async\" width=\"768\" height=\"512\" src=\"https:\/\/quantum-computing.lehigh.edu\/wp-content\/uploads\/2021\/07\/Savo_Glisic02-768x512-1.jpg\" alt=\"\" class=\"wp-image-203 size-full\" srcset=\"https:\/\/quantum-computing.lehigh.edu\/wp-content\/uploads\/2021\/07\/Savo_Glisic02-768x512-1.jpg 768w, https:\/\/quantum-computing.lehigh.edu\/wp-content\/uploads\/2021\/07\/Savo_Glisic02-768x512-1-300x200.jpg 300w\" sizes=\"auto, (max-width: 768px) 100vw, 768px\" \/><\/figure><div class=\"wp-block-media-text__content\">\n<h2 class=\"wp-block-heading has-primary-color has-text-color\">Savo Glisic<\/h2>\n\n\n\n<p>Savo Glisic is Professor in Networking (<a href=\"http:\/\/www.ins-netgroup.com\" data-type=\"URL\" data-id=\"http:\/\/www.ins-netgroup.com\">GLOBALCOMM<\/a>).<\/p>\n\n\n\n<p>Funding, Developing Research collaboration in Combinatorial Optimization<\/p>\n\n\n\n<p><strong>Email: <\/strong><a href=\"mailto:sglisic@wpi.edu\">sglisic@wpi.edu<\/a><\/p>\n\n\n\n<p><strong>Online:<\/strong>  <a href=\"http:\/\/www.ins-netgroup.com\/globalcomm-oy\/institutes\/savo-2\/\">http:\/\/www.ins-netgroup.com\/globalcomm-oy\/institutes\/savo-2\/<\/a><\/p>\n<\/div><\/div>\n\n\n\n<p><\/p>\n\n\n\n<div class=\"wp-block-media-text alignwide\" style=\"grid-template-columns:28% auto\"><figure class=\"wp-block-media-text__media\"><img loading=\"lazy\" decoding=\"async\" width=\"204\" height=\"247\" src=\"https:\/\/quantum-computing.lehigh.edu\/wp-content\/uploads\/2021\/07\/Unknown.jpg\" alt=\"\" class=\"wp-image-204 size-full\"\/><\/figure><div class=\"wp-block-media-text__content\">\n<h2 class=\"wp-block-heading has-primary-color has-text-color\">David Santiago<\/h2>\n\n\n\n<p>David Santiago is the science and technology lead for Berkeley Lab&#8217;s Advanced Quantum Testbed.<\/p>\n\n\n\n<p>Funding, Developing Research collaboration in Quantum Noise<\/p>\n\n\n\n<p><strong>Email: <\/strong><a href=\"mailto:david.i.santiago@lbl.gov\">david.i.santiago@lbl.gov<\/a><\/p>\n\n\n\n<p><strong>Online:<\/strong> <a href=\"http:\/\/www.ins-netgroup.com\/globalcomm-oy\/institutes\/savo-2\/\">https:\/\/crd.lbl.gov\/departments\/computational-science\/quist\/quist-staff\/david-santiago\/<\/a><\/p>\n<\/div><\/div>\n\n\n\n<p><\/p>\n\n\n\n<div class=\"wp-block-media-text alignwide\" style=\"grid-template-columns:28% auto\"><figure class=\"wp-block-media-text__media\"><img loading=\"lazy\" decoding=\"async\" width=\"201\" height=\"251\" src=\"https:\/\/quantum-computing.lehigh.edu\/wp-content\/uploads\/2021\/07\/Unknown2.jpg\" alt=\"\" class=\"wp-image-205 size-full\"\/><\/figure><div class=\"wp-block-media-text__content\">\n<h2 class=\"wp-block-heading has-primary-color has-text-color\"><strong>Andr\u00e1s Gily\u00e9n<\/strong><\/h2>\n\n\n\n<p>Andr\u00e1s Gily\u00e9n is a Marie Curie fellow at the R\u00e9nyi Institute.<\/p>\n\n\n\n<p>Academic co-author collaboration, Ph.D. committee, Advisory meetings <\/p>\n\n\n\n<p><strong>Email: <\/strong><a href=\"mailto:gilyen@renyi.hu\">gilyen@renyi.hu<\/a><\/p>\n\n\n\n<p><strong>Online:<\/strong> <a href=\"http:\/\/gilyen.hu\">http:\/\/gilyen.hu<\/a><\/p>\n<\/div><\/div>\n\n\n\n<p><\/p>\n\n\n\n<div class=\"wp-block-media-text alignwide\" style=\"grid-template-columns:28% auto\"><figure class=\"wp-block-media-text__media\"><img loading=\"lazy\" decoding=\"async\" width=\"213\" height=\"320\" src=\"https:\/\/quantum-computing.lehigh.edu\/wp-content\/uploads\/2021\/07\/EmbeddedImage.jpg\" alt=\"\" class=\"wp-image-206 size-full\" srcset=\"https:\/\/quantum-computing.lehigh.edu\/wp-content\/uploads\/2021\/07\/EmbeddedImage.jpg 213w, https:\/\/quantum-computing.lehigh.edu\/wp-content\/uploads\/2021\/07\/EmbeddedImage-200x300.jpg 200w\" sizes=\"auto, (max-width: 213px) 100vw, 213px\" \/><\/figure><div class=\"wp-block-media-text__content\">\n<h2 class=\"wp-block-heading has-primary-color has-text-color\">Hamidreza Validi<\/h2>\n\n\n\n<p>Hamidreza Validi is an Assistant Professor at the Department of Industrial, Manufacturing, and Systems Engineering at Texas Tech University.&nbsp;<\/p>\n\n\n\n<p>Academic co-author collaboration in Combinatorial Optimization<\/p>\n\n\n\n<p><strong>Email: <\/strong><a href=\"mailto:hvalidi@ttu.edu\">hvalidi@ttu.edu<\/a><\/p>\n\n\n\n<p><strong>Online:<\/strong>  <a href=\"https:\/\/sites.google.com\/site\/hamidrezavalidi2\/home\" data-type=\"URL\" data-id=\"https:\/\/sites.google.com\/site\/hamidrezavalidi2\/home\">https:\/\/sites.google.com\/site\/hamidrezavalidi2\/home<\/a><\/p>\n<\/div><\/div>\n\n\n\n<p><\/p>\n\n\n\n<div class=\"wp-block-media-text alignwide\" style=\"grid-template-columns:28% auto\"><figure class=\"wp-block-media-text__media\"><img loading=\"lazy\" decoding=\"async\" width=\"198\" height=\"254\" src=\"https:\/\/quantum-computing.lehigh.edu\/wp-content\/uploads\/2021\/07\/download.jpeg\" alt=\"\" class=\"wp-image-210 size-full\"\/><\/figure><div class=\"wp-block-media-text__content\">\n<h2 class=\"wp-block-heading has-primary-color has-text-color\">David E. Bernal Neira<\/h2>\n\n\n\n<p>David E. Bernal is an Assistant Professor in the Davidson School of Chemical Engineering at Purdue University.<\/p>\n\n\n\n<p>Academic co-author collaboration in Combinatorial Optimization<\/p>\n\n\n\n<p><strong>Email: <\/strong><a href=\"mailto:dbernaln@purdue.edu\">dbernaln@purdue.edu<\/a><\/p>\n\n\n\n<p><strong>Online:<\/strong>  <a href=\"https:\/\/secquoia.github.io\/1-bernalde\" data-type=\"URL\" data-id=\"https:\/\/sites.google.com\/site\/hamidrezavalidi2\/home\">https:\/\/secquoia.github.io\/1-bernalde<\/a><\/p>\n<\/div><\/div>\n\n\n\n<p><\/p>\n\n\n\n<div class=\"wp-block-media-text alignwide\" style=\"grid-template-columns:28% auto\"><figure class=\"wp-block-media-text__media\"><img loading=\"lazy\" decoding=\"async\" width=\"256\" height=\"256\" src=\"https:\/\/quantum-computing.lehigh.edu\/wp-content\/uploads\/2025\/11\/citations.jpg\" alt=\"\" class=\"wp-image-407 size-full\" srcset=\"https:\/\/quantum-computing.lehigh.edu\/wp-content\/uploads\/2025\/11\/citations.jpg 256w, https:\/\/quantum-computing.lehigh.edu\/wp-content\/uploads\/2025\/11\/citations-150x150.jpg 150w\" sizes=\"auto, (max-width: 256px) 100vw, 256px\" \/><\/figure><div class=\"wp-block-media-text__content\">\n<h2 class=\"wp-block-heading has-primary-color has-text-color\">Ruslan Shaydulin<\/h2>\n\n\n\n<p>Ruslan Shaydulin is the Head of Quantum Engineering Research at Global Technology Applied Research at JP Morgan Chase.<\/p>\n\n\n\n<p>Internship Supervisor at JPMorgan<\/p>\n\n\n\n<p><strong>Email: <\/strong><a href=\"mailto:ruslan.shaydulin@jpmchase.com\">ruslan.shaydulin@jpmchase.com<\/a><\/p>\n\n\n\n<p><strong>Online:<\/strong>  <a href=\"https:\/\/shaydul.in\/\">https:\/\/shaydul.in\/<\/a><\/p>\n<\/div><\/div>\n\n\n\n<p><\/p>\n\n\n\n<div class=\"wp-block-media-text alignwide\" style=\"grid-template-columns:28% auto\"><figure class=\"wp-block-media-text__media\"><img loading=\"lazy\" decoding=\"async\" width=\"270\" height=\"270\" src=\"https:\/\/quantum-computing.lehigh.edu\/wp-content\/uploads\/2025\/11\/avatar_huca4fbb0332cdbbac58d9783e713d615b_228395_270x270_fill_q75_lanczos_center.jpg\" alt=\"\" class=\"wp-image-410 size-full\" srcset=\"https:\/\/quantum-computing.lehigh.edu\/wp-content\/uploads\/2025\/11\/avatar_huca4fbb0332cdbbac58d9783e713d615b_228395_270x270_fill_q75_lanczos_center.jpg 270w, https:\/\/quantum-computing.lehigh.edu\/wp-content\/uploads\/2025\/11\/avatar_huca4fbb0332cdbbac58d9783e713d615b_228395_270x270_fill_q75_lanczos_center-150x150.jpg 150w\" sizes=\"auto, (max-width: 270px) 100vw, 270px\" \/><\/figure><div class=\"wp-block-media-text__content\">\n<h2 class=\"wp-block-heading has-primary-color has-text-color\">Carleton Coffrin<\/h2>\n\n\n\n<p>Carleton Coffrin is a staff scientist in Los Alamos National Laboratory\u2019s Advanced Network Science Initiative.<\/p>\n\n\n\n<p>Internship Supervisor at LANL<\/p>\n\n\n\n<p><strong>Email: <\/strong><a href=\"mailto:carleton@coffrin.com\">carleton@coffrin.com<\/a><\/p>\n\n\n\n<p><strong>Online:<\/strong> <a href=\"https:\/\/www.coffrin.com\/\">https:\/\/www.coffrin.com\/<\/a><\/p>\n<\/div><\/div>\n\n\n\n<p><\/p>\n\n\n\n<div class=\"wp-block-media-text alignwide\" style=\"grid-template-columns:28% auto\"><figure class=\"wp-block-media-text__media\"><img loading=\"lazy\" decoding=\"async\" width=\"400\" height=\"400\" src=\"https:\/\/quantum-computing.lehigh.edu\/wp-content\/uploads\/2025\/11\/1556794816134.jpg\" alt=\"\" class=\"wp-image-411 size-full\" srcset=\"https:\/\/quantum-computing.lehigh.edu\/wp-content\/uploads\/2025\/11\/1556794816134.jpg 400w, https:\/\/quantum-computing.lehigh.edu\/wp-content\/uploads\/2025\/11\/1556794816134-300x300.jpg 300w, https:\/\/quantum-computing.lehigh.edu\/wp-content\/uploads\/2025\/11\/1556794816134-150x150.jpg 150w\" sizes=\"auto, (max-width: 400px) 100vw, 400px\" \/><\/figure><div class=\"wp-block-media-text__content\">\n<h2 class=\"wp-block-heading has-primary-color has-text-color\">Sam Stein<\/h2>\n\n\n\n<p>Sam Stein is a Quantum Algorithms and Machine Learning research associate within the High Performance Computing group at Pacific Northwest National Laboratory.<\/p>\n\n\n\n<p>Internship Supervisor at PNNL<\/p>\n\n\n\n<p><strong>Email: <\/strong><a href=\"mailto:samuel.stein@pnnl.gov\">samuel.stein@pnnl.gov<\/a><\/p>\n\n\n\n<p><strong>Online:<\/strong> <a href=\"https:\/\/www.pnnl.gov\/people\/sam-stein\">https:\/\/www.pnnl.gov\/people\/sam-stein<\/a><\/p>\n<\/div><\/div>\n\n\n\n<p><\/p>\n","protected":false},"excerpt":{"rendered":"<p>Tam\u00e1s Terlaky Tam\u00e1s Terlaky is the&nbsp;George N. and Soteria Kledaras \u201987 Endowed Chair Professor, Industrial, and Systems Engineering Department, Lehigh&hellip;<\/p>\n","protected":false},"author":3,"featured_media":0,"parent":0,"menu_order":2,"comment_status":"closed","ping_status":"closed","template":"","meta":{"footnotes":""},"class_list":["post-16","page","type-page","status-publish","hentry"],"_links":{"self":[{"href":"https:\/\/quantum-computing.lehigh.edu\/index.php\/wp-json\/wp\/v2\/pages\/16","targetHints":{"allow":["GET"]}}],"collection":[{"href":"https:\/\/quantum-computing.lehigh.edu\/index.php\/wp-json\/wp\/v2\/pages"}],"about":[{"href":"https:\/\/quantum-computing.lehigh.edu\/index.php\/wp-json\/wp\/v2\/types\/page"}],"author":[{"embeddable":true,"href":"https:\/\/quantum-computing.lehigh.edu\/index.php\/wp-json\/wp\/v2\/users\/3"}],"replies":[{"embeddable":true,"href":"https:\/\/quantum-computing.lehigh.edu\/index.php\/wp-json\/wp\/v2\/comments?post=16"}],"version-history":[{"count":51,"href":"https:\/\/quantum-computing.lehigh.edu\/index.php\/wp-json\/wp\/v2\/pages\/16\/revisions"}],"predecessor-version":[{"id":436,"href":"https:\/\/quantum-computing.lehigh.edu\/index.php\/wp-json\/wp\/v2\/pages\/16\/revisions\/436"}],"wp:attachment":[{"href":"https:\/\/quantum-computing.lehigh.edu\/index.php\/wp-json\/wp\/v2\/media?parent=16"}],"curies":[{"name":"wp","href":"https:\/\/api.w.org\/{rel}","templated":true}]}}